{"id":421,"date":"2026-01-21T22:48:48","date_gmt":"2026-01-21T22:48:48","guid":{"rendered":"https:\/\/myoshealthspace.com\/?page_id=421"},"modified":"2026-02-26T11:56:35","modified_gmt":"2026-02-26T11:56:35","slug":"politica-de-cookies","status":"publish","type":"page","link":"https:\/\/myoshealthspace.com\/en\/politica-de-cookies\/","title":{"rendered":"Cookie Policy"},"content":{"rendered":"<div data-elementor-type=\"wp-page\" data-elementor-id=\"421\" class=\"elementor elementor-421\" data-elementor-post-type=\"page\">\n\t\t\t\t<div class=\"elementor-element elementor-element-5fb2a16 e-flex e-con-boxed e-con e-parent\" data-id=\"5fb2a16\" data-element_type=\"container\" data-e-type=\"container\">\n\t\t\t\t\t<div class=\"e-con-inner\">\n\t\t<div class=\"elementor-element elementor-element-a69bbf4 e-con-full e-flex e-con e-child\" data-id=\"a69bbf4\" data-element_type=\"container\" data-e-type=\"container\">\n\t\t\t\t<div class=\"elementor-element elementor-element-4666def elementor-widget elementor-widget-heading\" data-id=\"4666def\" data-element_type=\"widget\" data-e-type=\"widget\" data-widget_type=\"heading.default\">\n\t\t\t\t\t<h2 class=\"elementor-heading-title elementor-size-default\">Cookie Policy<\/h2>\t\t\t\t<\/div>\n\t\t\t\t<div class=\"elementor-element elementor-element-ea99051 elementor-widget__width-initial elementor-widget elementor-widget-text-editor\" data-id=\"ea99051\" data-element_type=\"widget\" data-e-type=\"widget\" data-widget_type=\"text-editor.default\">\n\t\t\t\t\t\t\t\t\t<p data-start=\"9749\" data-end=\"9768\">\u00a0<\/p><ol data-start=\"9770\" data-end=\"10349\"><li data-start=\"9770\" data-end=\"10172\"><p data-start=\"9773\" data-end=\"10172\">\u00bfQU\u00c9 SON LAS COOKIES?<br data-start=\"9794\" data-end=\"9797\" \/>Las cookies son peque\u00f1os archivos que se descargan en el dispositivo del usuario al acceder a determinadas p\u00e1ginas web. Permiten, entre otras cosas, almacenar y recuperar informaci\u00f3n sobre los h\u00e1bitos de navegaci\u00f3n de un usuario o de su equipo y, dependiendo de la informaci\u00f3n que contengan y de la forma en que utilice su equipo, pueden utilizarse para reconocer al usuario.<\/p><\/li><li data-start=\"10174\" data-end=\"10349\"><p data-start=\"10177\" data-end=\"10349\">\u00bfQU\u00c9 TIPO DE COOKIES PUEDE UTILIZAR ESTE SITIO WEB?<br data-start=\"10228\" data-end=\"10231\" \/>En el Sitio Web myoshealthspace.com se pueden utilizar cookies y tecnolog\u00edas similares con las siguientes finalidades:<\/p><\/li><\/ol><p data-start=\"10351\" data-end=\"10593\">2.1. Cookies t\u00e9cnicas o necesarias<br data-start=\"10385\" data-end=\"10388\" \/>Son aquellas necesarias para el funcionamiento del Sitio Web y para permitir la navegaci\u00f3n y el uso de sus funciones b\u00e1sicas. Estas cookies no requieren consentimiento cuando sean estrictamente necesarias.<\/p><p data-start=\"10595\" data-end=\"10952\">2.2. Cookies de terceros por contenido incrustado (Google Maps)<br data-start=\"10658\" data-end=\"10661\" \/>El Sitio Web muestra la ubicaci\u00f3n mediante Google Maps. Al visualizar o interactuar con el mapa, Google puede instalar cookies y\/o tratar informaci\u00f3n de navegaci\u00f3n del usuario conforme a sus propias pol\u00edticas y finalidades (por ejemplo, seguridad, preferencias, funcionamiento del servicio).<\/p><p data-start=\"10954\" data-end=\"11195\">Muscle Hub SL no controla las cookies que puedan instalar terceros. Se recomienda al usuario revisar la informaci\u00f3n de cookies y privacidad de Google para conocer el detalle actualizado de las cookies que pueden utilizarse y sus finalidades.<\/p><ol start=\"3\" data-start=\"11197\" data-end=\"11304\"><li data-start=\"11197\" data-end=\"11304\"><p data-start=\"11200\" data-end=\"11304\">\u00bfSE UTILIZAN COOKIES DE ANAL\u00cdTICA O PUBLICIDAD?<br data-start=\"11247\" data-end=\"11250\" \/>Seg\u00fan la configuraci\u00f3n actual informada, el Sitio Web:<\/p><\/li><\/ol><ul data-start=\"11305\" data-end=\"11459\"><li data-start=\"11305\" data-end=\"11373\"><p data-start=\"11307\" data-end=\"11373\">No utiliza cookies de anal\u00edtica (por ejemplo, Google Analytics).<\/p><\/li><li data-start=\"11374\" data-end=\"11459\"><p data-start=\"11376\" data-end=\"11459\">No utiliza cookies de publicidad comportamental (por ejemplo, Meta\/Facebook Pixel).<\/p><\/li><\/ul><ol start=\"4\" data-start=\"11461\" data-end=\"11803\"><li data-start=\"11461\" data-end=\"11803\"><p data-start=\"11464\" data-end=\"11803\">\u00bfC\u00d3MO CONFIGURAR, BLOQUEAR O ELIMINAR COOKIES?<br data-start=\"11510\" data-end=\"11513\" \/>El usuario puede permitir, bloquear o eliminar las cookies instaladas en su dispositivo mediante la configuraci\u00f3n de las opciones del navegador que utilice. Los pasos var\u00edan seg\u00fan el navegador, pero generalmente se encuentran en los apartados de \u201cConfiguraci\u00f3n\u201d, \u201cPrivacidad\u201d o \u201cSeguridad\u201d.<\/p><\/li><\/ol><p data-start=\"11805\" data-end=\"11991\">Si el usuario bloquea determinadas cookies, es posible que algunas funcionalidades del Sitio Web (por ejemplo, la visualizaci\u00f3n del mapa) no se muestren correctamente o queden limitadas.<\/p><ol start=\"5\" data-start=\"11993\" data-end=\"12367\"><li data-start=\"11993\" data-end=\"12205\"><p data-start=\"11996\" data-end=\"12205\">CAMBIOS EN LA POL\u00cdTICA DE COOKIES<br data-start=\"12029\" data-end=\"12032\" \/>La presente Pol\u00edtica de Cookies podr\u00e1 actualizarse para reflejar cambios en el Sitio Web o en la normativa aplicable. Se recomienda revisar esta pol\u00edtica de forma peri\u00f3dica.<\/p><\/li><li data-start=\"12207\" data-end=\"12367\"><p data-start=\"12210\" data-end=\"12367\">CONTACTO<br data-start=\"12218\" data-end=\"12221\" \/>Para cualquier duda relacionada con el uso de cookies en este Sitio Web, el usuario puede contactar con Muscle Hub SL en: <a class=\"decorated-link cursor-pointer\" rel=\"noopener\" data-start=\"12343\" data-end=\"12367\">info@myoshealthspace.com<\/a><\/p><\/li><\/ol>\t\t\t\t\t\t\t\t<\/div>\n\t\t\t\t<\/div>\n\t\t\t\t\t<\/div>\n\t\t\t\t<\/div>\n\t\t\t\t<\/div>","protected":false},"excerpt":{"rendered":"<p>Pol\u00edtica de Cookies \u00a0 \u00bfQU\u00c9 SON LAS COOKIES?Las cookies son peque\u00f1os archivos que se descargan en el dispositivo del usuario al acceder a determinadas p\u00e1ginas web. Permiten, entre otras cosas, almacenar y recuperar informaci\u00f3n sobre los h\u00e1bitos de navegaci\u00f3n de un usuario o de su equipo y, dependiendo de la informaci\u00f3n que contengan y de [&hellip;]<\/p>\n","protected":false},"author":1,"featured_media":0,"parent":0,"menu_order":0,"comment_status":"closed","ping_status":"closed","template":"","meta":{"footnotes":""},"class_list":["post-421","page","type-page","status-publish","hentry"],"_links":{"self":[{"href":"https:\/\/myoshealthspace.com\/en\/wp-json\/wp\/v2\/pages\/421","targetHints":{"allow":["GET"]}}],"collection":[{"href":"https:\/\/myoshealthspace.com\/en\/wp-json\/wp\/v2\/pages"}],"about":[{"href":"https:\/\/myoshealthspace.com\/en\/wp-json\/wp\/v2\/types\/page"}],"author":[{"embeddable":true,"href":"https:\/\/myoshealthspace.com\/en\/wp-json\/wp\/v2\/users\/1"}],"replies":[{"embeddable":true,"href":"https:\/\/myoshealthspace.com\/en\/wp-json\/wp\/v2\/comments?post=421"}],"version-history":[{"count":13,"href":"https:\/\/myoshealthspace.com\/en\/wp-json\/wp\/v2\/pages\/421\/revisions"}],"predecessor-version":[{"id":1833,"href":"https:\/\/myoshealthspace.com\/en\/wp-json\/wp\/v2\/pages\/421\/revisions\/1833"}],"wp:attachment":[{"href":"https:\/\/myoshealthspace.com\/en\/wp-json\/wp\/v2\/media?parent=421"}],"curies":[{"name":"wp","href":"https:\/\/api.w.org\/{rel}","templated":true}]}}