{"id":419,"date":"2026-01-21T22:48:24","date_gmt":"2026-01-21T22:48:24","guid":{"rendered":"https:\/\/myoshealthspace.com\/?page_id=419"},"modified":"2026-02-26T11:55:10","modified_gmt":"2026-02-26T11:55:10","slug":"aviso-legal","status":"publish","type":"page","link":"https:\/\/myoshealthspace.com\/en\/aviso-legal\/","title":{"rendered":"Legal Notice"},"content":{"rendered":"<div data-elementor-type=\"wp-page\" data-elementor-id=\"419\" class=\"elementor elementor-419\" data-elementor-post-type=\"page\">\n\t\t\t\t<div class=\"elementor-element elementor-element-9842306 e-flex e-con-boxed e-con e-parent\" data-id=\"9842306\" data-element_type=\"container\" data-e-type=\"container\">\n\t\t\t\t\t<div class=\"e-con-inner\">\n\t\t<div class=\"elementor-element elementor-element-c789f8d e-con-full e-flex e-con e-child\" data-id=\"c789f8d\" data-element_type=\"container\" data-e-type=\"container\">\n\t\t\t\t<div class=\"elementor-element elementor-element-dfe80f5 elementor-widget elementor-widget-heading\" data-id=\"dfe80f5\" data-element_type=\"widget\" data-e-type=\"widget\" data-widget_type=\"heading.default\">\n\t\t\t\t\t<h2 class=\"elementor-heading-title elementor-size-default\">Legal Notice<\/h2>\t\t\t\t<\/div>\n\t\t\t\t<div class=\"elementor-element elementor-element-f36d03c elementor-widget__width-initial elementor-widget elementor-widget-text-editor\" data-id=\"f36d03c\" data-element_type=\"widget\" data-e-type=\"widget\" data-widget_type=\"text-editor.default\">\n\t\t\t\t\t\t\t\t\t<ol data-start=\"13\" data-end=\"265\"><li data-start=\"13\" data-end=\"265\"><p data-start=\"16\" data-end=\"265\">IDENTIFICACI\u00d3N DEL TITULAR DEL SITIO WEB<br data-start=\"56\" data-end=\"59\" \/>En cumplimiento con el deber de informaci\u00f3n recogido en la Ley 34\/2002, de 11 de julio, de servicios de la sociedad de la informaci\u00f3n y de comercio electr\u00f3nico (LSSI-CE), se informa de los siguientes datos:<\/p><\/li><\/ol><p data-start=\"267\" data-end=\"702\">Titular: Muscle Hub SL<br data-start=\"289\" data-end=\"292\" \/>CIF: B23838675<br data-start=\"306\" data-end=\"309\" \/>Domicilio social: Avenida Tibidabo, 12, 08022, Barcelona (Barcelona), Espa\u00f1a<br data-start=\"385\" data-end=\"388\" \/>Email de contacto: <a class=\"decorated-link cursor-pointer\" rel=\"noopener\" data-start=\"407\" data-end=\"431\">info@myoshealthspace.com<\/a><br data-start=\"431\" data-end=\"434\" \/>Dominio web: myoshealthspace.com<br data-start=\"466\" data-end=\"469\" \/>Actividad: prestaci\u00f3n de servicios de entrenamiento personal, preparaci\u00f3n f\u00edsica, rendimiento deportivo y actividades relacionadas.<br data-start=\"600\" data-end=\"603\" \/>CNAE: 9319 (Actividades deportivas n.c.o.p.). CNAE secundario: 8690 (Otras actividades sanitarias).<\/p><p data-start=\"704\" data-end=\"833\">Datos registrales: Inscrita en el Registro Mercantil de Barcelona. Datos de inscripci\u00f3n: Secci\u00f3n 8, Hoja B-642979, Inscripci\u00f3n 1.<\/p><ol start=\"2\" data-start=\"835\" data-end=\"1462\"><li data-start=\"835\" data-end=\"1272\"><p data-start=\"838\" data-end=\"1272\">OBJETO<br data-start=\"844\" data-end=\"847\" \/>El presente Aviso Legal regula el acceso, navegaci\u00f3n y uso del sitio web myoshealthspace.com (en adelante, el \u201cSitio Web\u201d), as\u00ed como las responsabilidades derivadas de la utilizaci\u00f3n de sus contenidos (entendiendo por \u201ccontenidos\u201d los textos, im\u00e1genes, gr\u00e1ficos, dise\u00f1os, c\u00f3digos, software, fotograf\u00edas, v\u00eddeos, sonidos, bases de datos y cualquier otra creaci\u00f3n protegida por las leyes nacionales y tratados internacionales).<\/p><\/li><li data-start=\"1274\" data-end=\"1462\"><p data-start=\"1277\" data-end=\"1462\">CONDICIONES DE USO<br data-start=\"1295\" data-end=\"1298\" \/>El acceso y uso del Sitio Web atribuye la condici\u00f3n de usuario e implica la aceptaci\u00f3n de las condiciones aqu\u00ed recogidas desde el momento en que se accede al mismo.<\/p><\/li><\/ol><p data-start=\"1464\" data-end=\"2179\">El usuario se compromete a hacer un uso adecuado del Sitio Web y de sus contenidos, de conformidad con la legislaci\u00f3n vigente, la buena fe, el orden p\u00fablico y las presentes condiciones. En particular, el usuario se abstendr\u00e1 de:<br \/>a) realizar actividades il\u00edcitas, ilegales o contrarias a la buena fe y al orden p\u00fablico;<br data-start=\"1782\" data-end=\"1785\" \/>b) difundir contenidos o propaganda de car\u00e1cter racista, xen\u00f3fobo, pornogr\u00e1fico ilegal, de apolog\u00eda del terrorismo o atentatorio contra los derechos humanos;<br data-start=\"1942\" data-end=\"1945\" \/>c) provocar da\u00f1os en los sistemas f\u00edsicos y l\u00f3gicos del titular, de sus proveedores o de terceras personas;<br data-start=\"2052\" data-end=\"2055\" \/>d) introducir o difundir en la red virus inform\u00e1ticos o cualesquiera otros sistemas que sean susceptibles de provocar da\u00f1os.<\/p><ol start=\"4\" data-start=\"2181\" data-end=\"2391\"><li data-start=\"2181\" data-end=\"2391\"><p data-start=\"2184\" data-end=\"2391\">PROPIEDAD INTELECTUAL E INDUSTRIAL<br data-start=\"2218\" data-end=\"2221\" \/>Todos los derechos de propiedad intelectual e industrial del Sitio Web y de sus contenidos pertenecen a Muscle Hub SL o, en su caso, a terceros que han autorizado su uso.<\/p><\/li><\/ol><p data-start=\"2393\" data-end=\"2666\">Queda expresamente prohibida la reproducci\u00f3n, distribuci\u00f3n, comunicaci\u00f3n p\u00fablica, transformaci\u00f3n o cualquier otra forma de explotaci\u00f3n, total o parcial, de los contenidos del Sitio Web sin autorizaci\u00f3n previa y expresa del titular, salvo en los casos legalmente permitidos.<\/p><ol start=\"5\" data-start=\"2668\" data-end=\"2942\"><li data-start=\"2668\" data-end=\"2942\"><p data-start=\"2671\" data-end=\"2942\">RESPONSABILIDAD<br data-start=\"2686\" data-end=\"2689\" \/>Muscle Hub SL no garantiza la inexistencia de interrupciones o errores en el acceso al Sitio Web o en su contenido, ni que \u00e9ste se encuentre actualizado, aunque desarrollar\u00e1 sus mejores esfuerzos para, en su caso, evitarlos, subsanarlos o actualizarlos.<\/p><\/li><\/ol><p data-start=\"2944\" data-end=\"3316\">El titular no se hace responsable de:<br \/>a) los da\u00f1os y perjuicios que pudieran derivarse de interferencias, omisiones, interrupciones, virus inform\u00e1ticos, aver\u00edas y\/o desconexiones;<br data-start=\"3123\" data-end=\"3126\" \/>b) el uso que los usuarios puedan realizar de los contenidos del Sitio Web;<br data-start=\"3201\" data-end=\"3204\" \/>c) la informaci\u00f3n de terceros que pueda aparecer en el Sitio Web o a la que se acceda mediante enlaces externos.<\/p><ol start=\"6\" data-start=\"3318\" data-end=\"4348\"><li data-start=\"3318\" data-end=\"3583\"><p data-start=\"3321\" data-end=\"3583\">ENLACES A TERCEROS<br data-start=\"3339\" data-end=\"3342\" \/>El Sitio Web puede incluir enlaces a p\u00e1ginas web de terceros. Muscle Hub SL no asume ninguna responsabilidad por el contenido, informaciones o servicios que pudieran aparecer en dichos sitios, que tendr\u00e1n exclusivamente car\u00e1cter informativo.<\/p><\/li><li data-start=\"3585\" data-end=\"3852\"><p data-start=\"3588\" data-end=\"3852\">COMUNICACIONES COMERCIALES<br data-start=\"3614\" data-end=\"3617\" \/>Muscle Hub SL no enviar\u00e1 comunicaciones comerciales por medios electr\u00f3nicos sin la debida habilitaci\u00f3n legal (por ejemplo, solicitud previa del usuario o consentimiento cuando sea necesario) conforme a la LSSI-CE y normativa aplicable.<\/p><\/li><li data-start=\"3854\" data-end=\"4056\"><p data-start=\"3857\" data-end=\"4056\">PROTECCI\u00d3N DE DATOS Y COOKIES<br data-start=\"3886\" data-end=\"3889\" \/>El tratamiento de datos personales se regula en la POL\u00cdTICA DE PRIVACIDAD del Sitio Web.<br data-start=\"3977\" data-end=\"3980\" \/>La utilizaci\u00f3n de cookies se regula en la POL\u00cdTICA DE COOKIES del Sitio Web.<\/p><\/li><li data-start=\"4058\" data-end=\"4348\"><p data-start=\"4061\" data-end=\"4348\">LEGISLACI\u00d3N APLICABLE Y JURISDICCI\u00d3N<br data-start=\"4097\" data-end=\"4100\" \/>El presente Aviso Legal se rige por la legislaci\u00f3n espa\u00f1ola. Para la resoluci\u00f3n de cualquier controversia que pudiera derivarse del acceso o uso del Sitio Web, las partes se someter\u00e1n a los Juzgados y Tribunales que correspondan conforme a derecho.<\/p><\/li><\/ol><p data-start=\"4350\" data-end=\"4382\">\u00daltima actualizaci\u00f3n: 26\/02\/2026<\/p>\t\t\t\t\t\t\t\t<\/div>\n\t\t\t\t<\/div>\n\t\t\t\t\t<\/div>\n\t\t\t\t<\/div>\n\t\t\t\t<\/div>","protected":false},"excerpt":{"rendered":"<p>Aviso Legal IDENTIFICACI\u00d3N DEL TITULAR DEL SITIO WEBEn cumplimiento con el deber de informaci\u00f3n recogido en la Ley 34\/2002, de 11 de julio, de servicios de la sociedad de la informaci\u00f3n y de comercio electr\u00f3nico (LSSI-CE), se informa de los siguientes datos: Titular: Muscle Hub SLCIF: B23838675Domicilio social: Avenida Tibidabo, 12, 08022, Barcelona (Barcelona), Espa\u00f1aEmail [&hellip;]<\/p>\n","protected":false},"author":1,"featured_media":0,"parent":0,"menu_order":0,"comment_status":"closed","ping_status":"closed","template":"","meta":{"footnotes":""},"class_list":["post-419","page","type-page","status-publish","hentry"],"_links":{"self":[{"href":"https:\/\/myoshealthspace.com\/en\/wp-json\/wp\/v2\/pages\/419","targetHints":{"allow":["GET"]}}],"collection":[{"href":"https:\/\/myoshealthspace.com\/en\/wp-json\/wp\/v2\/pages"}],"about":[{"href":"https:\/\/myoshealthspace.com\/en\/wp-json\/wp\/v2\/types\/page"}],"author":[{"embeddable":true,"href":"https:\/\/myoshealthspace.com\/en\/wp-json\/wp\/v2\/users\/1"}],"replies":[{"embeddable":true,"href":"https:\/\/myoshealthspace.com\/en\/wp-json\/wp\/v2\/comments?post=419"}],"version-history":[{"count":7,"href":"https:\/\/myoshealthspace.com\/en\/wp-json\/wp\/v2\/pages\/419\/revisions"}],"predecessor-version":[{"id":1824,"href":"https:\/\/myoshealthspace.com\/en\/wp-json\/wp\/v2\/pages\/419\/revisions\/1824"}],"wp:attachment":[{"href":"https:\/\/myoshealthspace.com\/en\/wp-json\/wp\/v2\/media?parent=419"}],"curies":[{"name":"wp","href":"https:\/\/api.w.org\/{rel}","templated":true}]}}