{"id":436,"date":"2026-01-21T23:02:19","date_gmt":"2026-01-21T23:02:19","guid":{"rendered":"https:\/\/myoshealthspace.com\/?page_id=436"},"modified":"2026-04-16T09:34:58","modified_gmt":"2026-04-16T09:34:58","slug":"contacto","status":"publish","type":"page","link":"https:\/\/myoshealthspace.com\/ca\/contacto\/","title":{"rendered":"contacte"},"content":{"rendered":"\t\t<div data-elementor-type=\"wp-page\" data-elementor-id=\"436\" class=\"elementor elementor-436\" data-elementor-post-type=\"page\">\n\t\t\t\t<div class=\"elementor-element elementor-element-4947ada e-con-full e-flex e-con e-parent\" data-id=\"4947ada\" data-element_type=\"container\" data-e-type=\"container\" data-settings=\"{&quot;background_background&quot;:&quot;gradient&quot;}\">\n\t\t<div class=\"elementor-element elementor-element-cafb489 e-con-full e-flex e-con e-child\" data-id=\"cafb489\" data-element_type=\"container\" data-e-type=\"container\">\n\t\t\t\t<div class=\"elementor-element elementor-element-76ee3c3 elementor-widget elementor-widget-heading\" data-id=\"76ee3c3\" data-element_type=\"widget\" data-e-type=\"widget\" data-widget_type=\"heading.default\">\n\t\t\t\t\t<h2 class=\"elementor-heading-title elementor-size-default\">Recupera el control. Empieza   <i>aqu\u00ed<\/i>.<\/h2>\t\t\t\t<\/div>\n\t\t\t\t<div class=\"elementor-element elementor-element-854384a elementor-widget-mobile__width-initial elementor-widget elementor-widget-text-editor\" data-id=\"854384a\" data-element_type=\"widget\" data-e-type=\"widget\" data-widget_type=\"text-editor.default\">\n\t\t\t\t\t\t\t\t\t<p>Aqu\u00ed empieza el camino para volver a sentirte fuerte, estable y en control.<\/p>\t\t\t\t\t\t\t\t<\/div>\n\t\t\t\t<\/div>\n\t\t<div class=\"elementor-element elementor-element-ca269f0 e-con-full e-flex e-con e-child\" data-id=\"ca269f0\" data-element_type=\"container\" data-e-type=\"container\">\n\t\t\t\t<div class=\"elementor-element elementor-element-1751dbe elementor-widget elementor-widget-image\" data-id=\"1751dbe\" data-element_type=\"widget\" data-e-type=\"widget\" data-settings=\"{&quot;motion_fx_motion_fx_scrolling&quot;:&quot;yes&quot;,&quot;motion_fx_translateY_effect&quot;:&quot;yes&quot;,&quot;motion_fx_translateY_speed&quot;:{&quot;unit&quot;:&quot;px&quot;,&quot;size&quot;:6.8,&quot;sizes&quot;:[]},&quot;motion_fx_translateY_affectedRange&quot;:{&quot;unit&quot;:&quot;%&quot;,&quot;size&quot;:&quot;&quot;,&quot;sizes&quot;:{&quot;start&quot;:0,&quot;end&quot;:100}},&quot;motion_fx_devices&quot;:[&quot;desktop&quot;,&quot;tablet&quot;,&quot;mobile&quot;]}\" data-widget_type=\"image.default\">\n\t\t\t\t\t\t\t\t\t\t\t\t\t\t\t<img fetchpriority=\"high\" decoding=\"async\" width=\"667\" height=\"1000\" src=\"https:\/\/myoshealthspace.com\/wp-content\/uploads\/2026\/03\/contacto-myos.webp\" class=\"attachment-full size-full wp-image-2326\" alt=\"\" srcset=\"https:\/\/myoshealthspace.com\/wp-content\/uploads\/2026\/03\/contacto-myos.webp 667w, https:\/\/myoshealthspace.com\/wp-content\/uploads\/2026\/03\/contacto-myos-200x300.webp 200w, https:\/\/myoshealthspace.com\/wp-content\/uploads\/2026\/03\/contacto-myos-8x12.webp 8w\" sizes=\"(max-width: 667px) 100vw, 667px\" \/>\t\t\t\t\t\t\t\t\t\t\t\t\t\t\t<\/div>\n\t\t\t\t<\/div>\n\t\t\t\t<\/div>\n\t\t<div class=\"elementor-element elementor-element-c80c147 e-con-full e-flex e-con e-parent\" data-id=\"c80c147\" data-element_type=\"container\" data-e-type=\"container\">\n\t\t<div class=\"elementor-element elementor-element-c0e1906 e-con-full e-flex e-con e-child\" data-id=\"c0e1906\" data-element_type=\"container\" data-e-type=\"container\">\n\t\t\t\t<div class=\"elementor-element elementor-element-5a13354 elementor-widget__width-initial elementor-widget elementor-widget-text-editor\" data-id=\"5a13354\" data-element_type=\"widget\" data-e-type=\"widget\" data-widget_type=\"text-editor.default\">\n\t\t\t\t\t\t\t\t\t<p>Informaci\u00f3n de <em>Contacto<\/em><\/p>\t\t\t\t\t\t\t\t<\/div>\n\t\t\t\t<div class=\"elementor-element elementor-element-a2b5de4 elementor-widget-divider--view-line elementor-widget elementor-widget-divider\" data-id=\"a2b5de4\" data-element_type=\"widget\" data-e-type=\"widget\" data-widget_type=\"divider.default\">\n\t\t\t\t\t\t\t<div class=\"elementor-divider\">\n\t\t\t<span class=\"elementor-divider-separator\">\n\t\t\t\t\t\t<\/span>\n\t\t<\/div>\n\t\t\t\t\t\t<\/div>\n\t\t\t\t<div class=\"elementor-element elementor-element-5d80e76 elementor-widget elementor-widget-text-editor\" data-id=\"5d80e76\" data-element_type=\"widget\" data-e-type=\"widget\" data-widget_type=\"text-editor.default\">\n\t\t\t\t\t\t\t\t\t<p>Ubicaci\u00f3n<\/p>\t\t\t\t\t\t\t\t<\/div>\n\t\t\t\t<div class=\"elementor-element elementor-element-829363c elementor-widget elementor-widget-text-editor\" data-id=\"829363c\" data-element_type=\"widget\" data-e-type=\"widget\" data-widget_type=\"text-editor.default\">\n\t\t\t\t\t\t\t\t\t<p><a href=\"https:\/\/www.google.com\/maps?q=Av.+del+Tibidabo,+12,+Sarri%C3%A0-Sant+Gervasi,+08022+Barcelona,+Espanya&amp;ftid=0x12a4980f8d6ae3b3:0x1ae9b53cb81fb37a&amp;g_mp=CiVnb29nbGUubWFwcy5wbGFjZXMudjEuUGxhY2VzLkdldFBsYWNlEAEYASAB&amp;hl=en&amp;source=embed\">Av. del Tibidabo, 12, Sarri\u00e0-Sant Gervasi, 08022 Barcelona<\/a><\/p>\t\t\t\t\t\t\t\t<\/div>\n\t\t\t\t<div class=\"elementor-element elementor-element-f35a005 elementor-widget elementor-widget-image\" data-id=\"f35a005\" data-element_type=\"widget\" data-e-type=\"widget\" data-widget_type=\"image.default\">\n\t\t\t\t\t\t\t\t\t\t\t\t\t\t\t\t<a href=\"https:\/\/www.google.com\/maps?q=Av.+del+Tibidabo,+12,+Sarri%C3%A0-Sant+Gervasi,+08022+Barcelona,+Espanya&#038;ftid=0x12a4980f8d6ae3b3:0x1ae9b53cb81fb37a&#038;g_mp=CiVnb29nbGUubWFwcy5wbGFjZXMudjEuUGxhY2VzLkdldFBsYWNlEAEYASAB&#038;hl=en&#038;source=embed\" target=\"_blank\">\n\t\t\t\t\t\t\t<img decoding=\"async\" width=\"1600\" height=\"635\" src=\"https:\/\/myoshealthspace.com\/wp-content\/uploads\/2026\/03\/Ubicacion-myos-e1772615077322-1.jpg\" class=\"attachment-full size-full wp-image-2355\" alt=\"\" srcset=\"https:\/\/myoshealthspace.com\/wp-content\/uploads\/2026\/03\/Ubicacion-myos-e1772615077322-1.jpg 1600w, https:\/\/myoshealthspace.com\/wp-content\/uploads\/2026\/03\/Ubicacion-myos-e1772615077322-1-300x119.jpg 300w, https:\/\/myoshealthspace.com\/wp-content\/uploads\/2026\/03\/Ubicacion-myos-e1772615077322-1-1024x406.jpg 1024w, https:\/\/myoshealthspace.com\/wp-content\/uploads\/2026\/03\/Ubicacion-myos-e1772615077322-1-768x305.jpg 768w, https:\/\/myoshealthspace.com\/wp-content\/uploads\/2026\/03\/Ubicacion-myos-e1772615077322-1-1536x610.jpg 1536w, https:\/\/myoshealthspace.com\/wp-content\/uploads\/2026\/03\/Ubicacion-myos-e1772615077322-1-18x7.jpg 18w\" sizes=\"(max-width: 1600px) 100vw, 1600px\" \/>\t\t\t\t\t\t\t\t<\/a>\n\t\t\t\t\t\t\t\t\t\t\t\t\t\t\t<\/div>\n\t\t\t\t<div class=\"elementor-element elementor-element-9515e0a elementor-widget elementor-widget-heading\" data-id=\"9515e0a\" data-element_type=\"widget\" data-e-type=\"widget\" data-widget_type=\"heading.default\">\n\t\t\t\t\t<h3 class=\"elementor-heading-title elementor-size-default\">Como llegar<\/h3>\t\t\t\t<\/div>\n\t\t<div class=\"elementor-element elementor-element-4c7f576 e-grid e-con-full e-con e-child\" data-id=\"4c7f576\" data-element_type=\"container\" data-e-type=\"container\">\n\t\t<div class=\"elementor-element elementor-element-a8e111e e-con-full e-flex e-con e-child\" data-id=\"a8e111e\" data-element_type=\"container\" data-e-type=\"container\">\n\t\t\t\t<div class=\"elementor-element elementor-element-c0f2651 e-transform elementor-widget elementor-widget-image\" data-id=\"c0f2651\" data-element_type=\"widget\" data-e-type=\"widget\" data-settings=\"{&quot;_transform_scale_effect_hover&quot;:{&quot;unit&quot;:&quot;px&quot;,&quot;size&quot;:1.1,&quot;sizes&quot;:[]},&quot;_transform_scale_effect_hover_tablet&quot;:{&quot;unit&quot;:&quot;px&quot;,&quot;size&quot;:&quot;&quot;,&quot;sizes&quot;:[]},&quot;_transform_scale_effect_hover_mobile&quot;:{&quot;unit&quot;:&quot;px&quot;,&quot;size&quot;:&quot;&quot;,&quot;sizes&quot;:[]}}\" data-widget_type=\"image.default\">\n\t\t\t\t\t\t\t\t\t\t\t\t\t\t\t<img decoding=\"async\" src=\"https:\/\/myoshealthspace.com\/wp-content\/uploads\/2026\/03\/Mesa-de-trabajo55.webp\" title=\"Mesa de trabajo55\" alt=\"Mesa de trabajo55\" loading=\"lazy\" \/>\t\t\t\t\t\t\t\t\t\t\t\t\t\t\t<\/div>\n\t\t\t\t<div class=\"elementor-element elementor-element-70a7362 elementor-widget elementor-widget-text-editor\" data-id=\"70a7362\" data-element_type=\"widget\" data-e-type=\"widget\" data-widget_type=\"text-editor.default\">\n\t\t\t\t\t\t\t\t\t<p>Estaci\u00f3n FGC<\/p>\t\t\t\t\t\t\t\t<\/div>\n\t\t\t\t<div class=\"elementor-element elementor-element-255afc5 elementor-widget elementor-widget-text-editor\" data-id=\"255afc5\" data-element_type=\"widget\" data-e-type=\"widget\" data-widget_type=\"text-editor.default\">\n\t\t\t\t\t\t\t\t\t<p>Estaci\u00f3n Av. Tibidabo (L7)<\/p>\t\t\t\t\t\t\t\t<\/div>\n\t\t\t\t<\/div>\n\t\t<div class=\"elementor-element elementor-element-412a31d e-con-full e-flex e-con e-child\" data-id=\"412a31d\" data-element_type=\"container\" data-e-type=\"container\">\n\t\t\t\t<div class=\"elementor-element elementor-element-2ff17f7 e-transform elementor-widget elementor-widget-image\" data-id=\"2ff17f7\" data-element_type=\"widget\" data-e-type=\"widget\" data-settings=\"{&quot;_transform_scale_effect_hover&quot;:{&quot;unit&quot;:&quot;px&quot;,&quot;size&quot;:1.1,&quot;sizes&quot;:[]},&quot;_transform_scale_effect_hover_tablet&quot;:{&quot;unit&quot;:&quot;px&quot;,&quot;size&quot;:&quot;&quot;,&quot;sizes&quot;:[]},&quot;_transform_scale_effect_hover_mobile&quot;:{&quot;unit&quot;:&quot;px&quot;,&quot;size&quot;:&quot;&quot;,&quot;sizes&quot;:[]}}\" data-widget_type=\"image.default\">\n\t\t\t\t\t\t\t\t\t\t\t\t\t\t\t<img decoding=\"async\" width=\"1000\" height=\"1000\" src=\"https:\/\/myoshealthspace.com\/wp-content\/uploads\/2026\/03\/tmb.webp\" class=\"attachment-full size-full wp-image-2401\" alt=\"\" srcset=\"https:\/\/myoshealthspace.com\/wp-content\/uploads\/2026\/03\/tmb.webp 1000w, https:\/\/myoshealthspace.com\/wp-content\/uploads\/2026\/03\/tmb-300x300.webp 300w, https:\/\/myoshealthspace.com\/wp-content\/uploads\/2026\/03\/tmb-150x150.webp 150w, https:\/\/myoshealthspace.com\/wp-content\/uploads\/2026\/03\/tmb-768x768.webp 768w, https:\/\/myoshealthspace.com\/wp-content\/uploads\/2026\/03\/tmb-12x12.webp 12w\" sizes=\"(max-width: 1000px) 100vw, 1000px\" \/>\t\t\t\t\t\t\t\t\t\t\t\t\t\t\t<\/div>\n\t\t\t\t<div class=\"elementor-element elementor-element-f846d54 elementor-widget elementor-widget-text-editor\" data-id=\"f846d54\" data-element_type=\"widget\" data-e-type=\"widget\" data-widget_type=\"text-editor.default\">\n\t\t\t\t\t\t\t\t\t<p>Paradas Autob\u00fas:<\/p>\t\t\t\t\t\t\t\t<\/div>\n\t\t\t\t<div class=\"elementor-element elementor-element-4f0fa2c elementor-widget elementor-widget-text-editor\" data-id=\"4f0fa2c\" data-element_type=\"widget\" data-e-type=\"widget\" data-widget_type=\"text-editor.default\">\n\t\t\t\t\t\t\t\t\t<p>Av. Tibidabo &#8211; La Rotonda (Bus 196)<\/p>\t\t\t\t\t\t\t\t<\/div>\n\t\t\t\t<div class=\"elementor-element elementor-element-90e8ae9 elementor-widget elementor-widget-text-editor\" data-id=\"90e8ae9\" data-element_type=\"widget\" data-e-type=\"widget\" data-widget_type=\"text-editor.default\">\n\t\t\t\t\t\t\t\t\t<p class=\"DUwDvf lfPIob\">Pg Sant Gervasi &#8211; Pl Kennedy <span style=\"font-family: -apple-system, BlinkMacSystemFont, 'Segoe UI', Roboto, 'Helvetica Neue', Arial, 'Noto Sans', sans-serif, 'Apple Color Emoji', 'Segoe UI Emoji', 'Segoe UI Symbol', 'Noto Color Emoji';\">(Bus 131 &#8211; Bus H4)<\/span><\/p>\t\t\t\t\t\t\t\t<\/div>\n\t\t\t\t<div class=\"elementor-element elementor-element-8a8af3b elementor-widget elementor-widget-text-editor\" data-id=\"8a8af3b\" data-element_type=\"widget\" data-e-type=\"widget\" data-widget_type=\"text-editor.default\">\n\t\t\t\t\t\t\t\t\t<p>Av. Tibidabo &#8211; Pg Sant Gervasi (Bus 196 &#8211; Bus V13 &#8211; Bus V15)<\/p>\t\t\t\t\t\t\t\t<\/div>\n\t\t\t\t<\/div>\n\t\t<div class=\"elementor-element elementor-element-c943cee e-con-full e-flex e-con e-child\" data-id=\"c943cee\" data-element_type=\"container\" data-e-type=\"container\">\n\t\t\t\t<div class=\"elementor-element elementor-element-7da9e7b e-transform elementor-widget elementor-widget-image\" data-id=\"7da9e7b\" data-element_type=\"widget\" data-e-type=\"widget\" data-settings=\"{&quot;_transform_scale_effect_hover&quot;:{&quot;unit&quot;:&quot;px&quot;,&quot;size&quot;:1.1,&quot;sizes&quot;:[]},&quot;_transform_scale_effect_hover_tablet&quot;:{&quot;unit&quot;:&quot;px&quot;,&quot;size&quot;:&quot;&quot;,&quot;sizes&quot;:[]},&quot;_transform_scale_effect_hover_mobile&quot;:{&quot;unit&quot;:&quot;px&quot;,&quot;size&quot;:&quot;&quot;,&quot;sizes&quot;:[]}}\" data-widget_type=\"image.default\">\n\t\t\t\t\t\t\t\t\t\t\t\t\t\t\t<img decoding=\"async\" src=\"https:\/\/myoshealthspace.com\/wp-content\/uploads\/2026\/03\/parking.webp\" title=\"parking\" alt=\"parking\" loading=\"lazy\" \/>\t\t\t\t\t\t\t\t\t\t\t\t\t\t\t<\/div>\n\t\t\t\t<div class=\"elementor-element elementor-element-67f75fb elementor-widget elementor-widget-text-editor\" data-id=\"67f75fb\" data-element_type=\"widget\" data-e-type=\"widget\" data-widget_type=\"text-editor.default\">\n\t\t\t\t\t\t\t\t\t<p>Parking cercano<\/p>\t\t\t\t\t\t\t\t<\/div>\n\t\t\t\t<div class=\"elementor-element elementor-element-927211a elementor-widget elementor-widget-text-editor\" data-id=\"927211a\" data-element_type=\"widget\" data-e-type=\"widget\" data-widget_type=\"text-editor.default\">\n\t\t\t\t\t\t\t\t\t<p class=\"DUwDvf lfPIob\">PARKING NN LA ROTONDA &#8211; Pg. de St. Gervasi, 51, 53, Sarri\u00e0-Sant Gervasi, 08022 Barcelona, Spain<\/p>\t\t\t\t\t\t\t\t<\/div>\n\t\t\t\t<div class=\"elementor-element elementor-element-4f2a86c elementor-widget elementor-widget-text-editor\" data-id=\"4f2a86c\" data-element_type=\"widget\" data-e-type=\"widget\" data-widget_type=\"text-editor.default\">\n\t\t\t\t\t\t\t\t\t<p class=\"DUwDvf lfPIob\">PARKING NN LA TAMARITA <span style=\"font-family: -apple-system, BlinkMacSystemFont, 'Segoe UI', Roboto, 'Helvetica Neue', Arial, 'Noto Sans', sans-serif, 'Apple Color Emoji', 'Segoe UI Emoji', 'Segoe UI Symbol', 'Noto Color Emoji';\">&#8211; Pg. de St. Gervasi, 39, Sarri\u00e0-Sant Gervasi, 08022 Barcelona<\/span><\/p>\t\t\t\t\t\t\t\t<\/div>\n\t\t\t\t<\/div>\n\t\t\t\t<\/div>\n\t\t\t\t<\/div>\n\t\t\t\t<\/div>\n\t\t<div class=\"elementor-element elementor-element-78f232e e-con-full e-flex e-con e-parent\" data-id=\"78f232e\" data-element_type=\"container\" data-e-type=\"container\">\n\t\t<div class=\"elementor-element elementor-element-9e98d1c e-con-full e-flex e-con e-child\" data-id=\"9e98d1c\" data-element_type=\"container\" data-e-type=\"container\">\n\t\t\t\t<div class=\"elementor-element elementor-element-e2afa94 elementor-widget__width-initial elementor-widget elementor-widget-text-editor\" data-id=\"e2afa94\" data-element_type=\"widget\" data-e-type=\"widget\" data-widget_type=\"text-editor.default\">\n\t\t\t\t\t\t\t\t\t<p>Queremos hablar <em>contigo<\/em><\/p>\t\t\t\t\t\t\t\t<\/div>\n\t\t\t\t<\/div>\n\t\t\t\t<\/div>\n\t\t<div class=\"elementor-element elementor-element-7c96742 e-con-full e-flex e-con e-parent\" data-id=\"7c96742\" data-element_type=\"container\" data-e-type=\"container\">\n\t\t<div class=\"elementor-element elementor-element-8346aeb e-con-full e-flex e-con e-child\" data-id=\"8346aeb\" data-element_type=\"container\" data-e-type=\"container\">\n\t\t\t\t<div class=\"elementor-element elementor-element-189816b elementor-button-align-end elementor-widget elementor-widget-form\" data-id=\"189816b\" data-element_type=\"widget\" data-e-type=\"widget\" data-settings=\"{&quot;step_next_label&quot;:&quot;Next&quot;,&quot;step_previous_label&quot;:&quot;Previous&quot;,&quot;step_type&quot;:&quot;none&quot;,&quot;button_width&quot;:&quot;100&quot;,&quot;step_icon_shape&quot;:&quot;circle&quot;}\" data-widget_type=\"form.default\">\n\t\t\t\t\t\t\t<form class=\"elementor-form\" method=\"post\" name=\"New Form\" aria-label=\"New Form\" novalidate=\"\">\n\t\t\t<input type=\"hidden\" name=\"post_id\" value=\"436\"\/>\n\t\t\t<input type=\"hidden\" name=\"form_id\" value=\"189816b\"\/>\n\t\t\t<input type=\"hidden\" name=\"referer_title\" value=\"Contacto\" \/>\n\n\t\t\t\t\t\t\t<input type=\"hidden\" name=\"queried_id\" value=\"436\"\/>\n\t\t\t\n\t\t\t<div class=\"elementor-form-fields-wrapper elementor-labels-above\">\n\t\t\t\t\t\t\t\t<div class=\"elementor-field-type-text elementor-field-group elementor-column elementor-field-group-name elementor-col-50 elementor-field-required\">\n\t\t\t\t\t\t\t\t\t\t\t\t\t<input size=\"1\" type=\"text\" name=\"form_fields[name]\" id=\"form-field-name\" class=\"elementor-field elementor-size-md  elementor-field-textual\" placeholder=\"Name\" required=\"required\">\n\t\t\t\t\t\t\t\t\t\t\t<\/div>\n\t\t\t\t\t\t\t\t<div class=\"elementor-field-type-email elementor-field-group elementor-column elementor-field-group-email elementor-col-50 elementor-field-required\">\n\t\t\t\t\t\t\t\t\t\t\t\t\t<input size=\"1\" type=\"email\" name=\"form_fields[email]\" id=\"form-field-email\" class=\"elementor-field elementor-size-md  elementor-field-textual\" placeholder=\"Email\" required=\"required\">\n\t\t\t\t\t\t\t\t\t\t\t<\/div>\n\t\t\t\t\t\t\t\t<div class=\"elementor-field-type-tel elementor-field-group elementor-column elementor-field-group-field_5d9f064 elementor-col-50\">\n\t\t\t\t\t\t\t<input size=\"1\" type=\"tel\" name=\"form_fields[field_5d9f064]\" id=\"form-field-field_5d9f064\" class=\"elementor-field elementor-size-md  elementor-field-textual\" placeholder=\"Tel\u00e9fono\" pattern=\"[0-9()#&amp;+*-=.]+\" title=\"phone\">\n\n\t\t\t\t\t\t<\/div>\n\t\t\t\t\t\t\t\t<div class=\"elementor-field-type-text elementor-field-group elementor-column elementor-field-group-field_0b4097c elementor-col-50\">\n\t\t\t\t\t\t\t\t\t\t\t\t\t<input size=\"1\" type=\"text\" name=\"form_fields[field_0b4097c]\" id=\"form-field-field_0b4097c\" class=\"elementor-field elementor-size-md  elementor-field-textual\" placeholder=\"Asunto\">\n\t\t\t\t\t\t\t\t\t\t\t<\/div>\n\t\t\t\t\t\t\t\t<div class=\"elementor-field-type-textarea elementor-field-group elementor-column elementor-field-group-message elementor-col-100\">\n\t\t\t\t\t<textarea class=\"elementor-field-textual elementor-field  elementor-size-md\" name=\"form_fields[message]\" id=\"form-field-message\" rows=\"4\" placeholder=\"Message\"><\/textarea>\t\t\t\t<\/div>\n\t\t\t\t\t\t\t\t<div class=\"elementor-field-type-acceptance elementor-field-group elementor-column elementor-field-group-field_f8b8682 elementor-col-100 elementor-field-required\">\n\t\t\t\t\t\t\t<div class=\"elementor-field-subgroup\">\n\t\t\t<span class=\"elementor-field-option\">\n\t\t\t\t<input type=\"checkbox\" name=\"form_fields[field_f8b8682]\" id=\"form-field-field_f8b8682\" class=\"elementor-field elementor-size-md  elementor-acceptance-field\" required=\"required\">\n\t\t\t\t<label for=\"form-field-field_f8b8682\">He le\u00eddo y acepto la Pol\u00edtica de Privacidad y las condiciones de uso<\/label>\t\t\t<\/span>\n\t\t<\/div>\n\t\t\t\t\t\t<\/div>\n\t\t\t\t\t\t\t\t<div class=\"elementor-field-type-acceptance elementor-field-group elementor-column elementor-field-group-field_5695797 elementor-col-100 elementor-field-required\">\n\t\t\t\t\t\t\t<div class=\"elementor-field-subgroup\">\n\t\t\t<span class=\"elementor-field-option\">\n\t\t\t\t<input type=\"checkbox\" name=\"form_fields[field_5695797]\" id=\"form-field-field_5695797\" class=\"elementor-field elementor-size-md  elementor-acceptance-field\" required=\"required\">\n\t\t\t\t<label for=\"form-field-field_5695797\">Consiento el tratamiento de mis datos para que me contacten en relaci\u00f3n con mi solicitud.<\/label>\t\t\t<\/span>\n\t\t<\/div>\n\t\t\t\t\t\t<\/div>\n\t\t\t\t\t\t\t\t<div class=\"elementor-field-group elementor-column elementor-field-type-submit elementor-col-100 e-form__buttons\">\n\t\t\t\t\t<button class=\"elementor-button elementor-size-sm\" type=\"submit\">\n\t\t\t\t\t\t<span class=\"elementor-button-content-wrapper\">\n\t\t\t\t\t\t\t\t\t\t\t\t\t\t\t\t\t\t\t\t\t\t<span class=\"elementor-button-text\">Enviar<\/span>\n\t\t\t\t\t\t\t\t\t\t\t\t\t<\/span>\n\t\t\t\t\t<\/button>\n\t\t\t\t<\/div>\n\t\t\t<\/div>\n\t\t<\/form>\n\t\t\t\t\t\t<\/div>\n\t\t\t\t<\/div>\n\t\t\t\t<\/div>\n\t\t<div class=\"elementor-element elementor-element-fe49800 elementor-hidden-tablet elementor-hidden-mobile e-flex e-con-boxed e-con e-parent\" data-id=\"fe49800\" data-element_type=\"container\" data-e-type=\"container\">\n\t\t\t\t\t<div class=\"e-con-inner\">\n\t\t\t\t<div class=\"elementor-element elementor-element-70c492e elementor-widget elementor-widget-ucaddon_custom_cursor\" data-id=\"70c492e\" data-element_type=\"widget\" data-e-type=\"widget\" data-widget_type=\"ucaddon_custom_cursor.default\">\n\t\t\t\t<div class=\"elementor-widget-container\">\n\t\t\t\t\t\n<!-- start Custom Cursor -->\n\t\t<link id='font-awesome-css' href='https:\/\/myoshealthspace.com\/wp-content\/plugins\/unlimited-elements-for-elementor-premium\/assets_libraries\/font-awesome6\/fontawesome-all.min.css' type='text\/css' rel='stylesheet' >\n\t\t<link id='font-awesome-4-shim-css' href='https:\/\/myoshealthspace.com\/wp-content\/plugins\/unlimited-elements-for-elementor-premium\/assets_libraries\/font-awesome6\/fontawesome-v4-shims.min.css' type='text\/css' rel='stylesheet' >\n\n<style>\/* widget: Custom Cursor *\/\n\n#uc_custom_cursor_elementor_70c492e{\n  min-height: 1px;\n}\n\n#uc_custom_cursor_elementor_70c492e .ue-message{\n  padding: 10px;\n  border: 1px solid grey;\n  background-color: lightgrey;\n  border-radius: 5px;\n  font-size: 12px;\n}\n\n\/* should be written without #uc_custom_cursor_elementor_70c492e *\/\n.uc-mscursor-hidden{\n  display:none !important;\n}\n\n\/* cursor 2: custom cursor *\/\n  #uc_custom_cursor_elementor_70c492e .ue_cursor {\n    pointer-events: none;\n    opacity:1;\n    transition: all 300ms ease;\n  }\n\n  #uc_custom_cursor_elementor_70c492e .ue_cursor.cursor-inactive {\n    opacity:0;\n  }\n\n  #uc_custom_cursor_elementor_70c492e .cursor__ball {\n    display:flex;\n    position: fixed;\n    top: 0;\n    left: 0;\n    z-index: 1000;\n    pointer-events:none;\n    transform: matrix(1, 0, 0, 1, -100, -100);\n  }\n\n  #uc_custom_cursor_elementor_70c492e .cursor__ball--small{\n    display:flex;\n    align-items:center;\n    justify-content:center;\n  }\n\n  #uc_custom_cursor_elementor_70c492e .cursor__ball--small-inner{\n    display:flex;\n    align-items:center;\n    justify-content:center;\n  }\n\n      #uc_custom_cursor_elementor_70c492e .cursor__ball--small svg{\n       width:1em;\n       height:1em;\n    }\n  \n  \n  \n   \n    body {\n      cursor: none;\n    }\n  \n\n\/* attention grabber  *\/\n\/* end attention grabber *\/\n\/* end cursor 2: custom cursor *\/\n\n<\/style>\n\n<div id=\"uc_custom_cursor_elementor_70c492e\" class=\"ue_cursor-wrap\" data-cursor=\"cursor-2\">\n  \n    \n  \n      <div class=\"ue_cursor ue_cursor-item ue_cursor-item--2\" aria-hidden=\"true\">\n            <div class=\"cursor__ball cursor__ball--small\" aria-hidden=\"true\">\n        <div class=\"cursor__ball--small-inner ue-floating-chat-blink\">\n          <div class=\"ue_cursor_icon\"><svg xmlns=\"http:\/\/www.w3.org\/2000\/svg\" xmlns:xlink=\"http:\/\/www.w3.org\/1999\/xlink\" xmlns:serif=\"http:\/\/www.serif.com\/\" width=\"100%\" height=\"100%\" viewBox=\"0 0 825 825\" xml:space=\"preserve\" style=\"fill-rule:evenodd;clip-rule:evenodd;stroke-miterlimit:2;\"><rect id=\"Mesa-de-trabajo54\" serif:id=\"Mesa de trabajo54\" x=\"-0\" y=\"0\" width=\"825\" height=\"825\" style=\"fill:#808080;fill-opacity:0;\"><\/rect><circle cx=\"412.5\" cy=\"412.5\" r=\"312.5\" style=\"fill:#808080;fill-opacity:0;stroke:#8d938a;stroke-width:8.33px;\"><\/circle><circle cx=\"412.5\" cy=\"412.5\" r=\"129.167\" style=\"fill:#b0b8ac;\"><\/circle><\/svg><\/div>                          \t<\/div>\n        <\/div>\n    <\/div>\n  <\/div>\n<!-- end Custom Cursor -->\t\t\t\t<\/div>\n\t\t\t\t<\/div>\n\t\t\t\t\t<\/div>\n\t\t\t\t<\/div>\n\t\t\t\t<\/div>\n\t\t","protected":false},"excerpt":{"rendered":"<p>Recupera el control. Empieza aqu\u00ed. Aqu\u00ed empieza el camino para volver a sentirte fuerte, estable y en control. Informaci\u00f3n de Contacto Ubicaci\u00f3n Av. del Tibidabo, 12, Sarri\u00e0-Sant Gervasi, 08022 Barcelona Como llegar Estaci\u00f3n FGC Estaci\u00f3n Av. Tibidabo (L7) Paradas Autob\u00fas: Av. Tibidabo &#8211; La Rotonda (Bus 196) Pg Sant Gervasi &#8211; Pl Kennedy (Bus 131 [&hellip;]<\/p>\n","protected":false},"author":1,"featured_media":0,"parent":0,"menu_order":0,"comment_status":"closed","ping_status":"closed","template":"","meta":{"footnotes":""},"class_list":["post-436","page","type-page","status-publish","hentry"],"_links":{"self":[{"href":"https:\/\/myoshealthspace.com\/ca\/wp-json\/wp\/v2\/pages\/436","targetHints":{"allow":["GET"]}}],"collection":[{"href":"https:\/\/myoshealthspace.com\/ca\/wp-json\/wp\/v2\/pages"}],"about":[{"href":"https:\/\/myoshealthspace.com\/ca\/wp-json\/wp\/v2\/types\/page"}],"author":[{"embeddable":true,"href":"https:\/\/myoshealthspace.com\/ca\/wp-json\/wp\/v2\/users\/1"}],"replies":[{"embeddable":true,"href":"https:\/\/myoshealthspace.com\/ca\/wp-json\/wp\/v2\/comments?post=436"}],"version-history":[{"count":100,"href":"https:\/\/myoshealthspace.com\/ca\/wp-json\/wp\/v2\/pages\/436\/revisions"}],"predecessor-version":[{"id":2523,"href":"https:\/\/myoshealthspace.com\/ca\/wp-json\/wp\/v2\/pages\/436\/revisions\/2523"}],"wp:attachment":[{"href":"https:\/\/myoshealthspace.com\/ca\/wp-json\/wp\/v2\/media?parent=436"}],"curies":[{"name":"wp","href":"https:\/\/api.w.org\/{rel}","templated":true}]}}