{"id":425,"date":"2026-01-21T22:49:19","date_gmt":"2026-01-21T22:49:19","guid":{"rendered":"https:\/\/myoshealthspace.com\/?page_id=425"},"modified":"2026-02-26T11:55:45","modified_gmt":"2026-02-26T11:55:45","slug":"politica-de-privacidad","status":"publish","type":"page","link":"https:\/\/myoshealthspace.com\/ca\/politica-de-privacidad\/","title":{"rendered":"Pol\u00edtica de Privacitat"},"content":{"rendered":"<div data-elementor-type=\"wp-page\" data-elementor-id=\"425\" class=\"elementor elementor-425\" data-elementor-post-type=\"page\">\n\t\t\t\t<div class=\"elementor-element elementor-element-fc33b82 e-flex e-con-boxed e-con e-parent\" data-id=\"fc33b82\" data-element_type=\"container\" data-e-type=\"container\">\n\t\t\t\t\t<div class=\"e-con-inner\">\n\t\t<div class=\"elementor-element elementor-element-cdaa51b e-con-full e-flex e-con e-child\" data-id=\"cdaa51b\" data-element_type=\"container\" data-e-type=\"container\">\n\t\t\t\t<div class=\"elementor-element elementor-element-bbd027e elementor-widget elementor-widget-heading\" data-id=\"bbd027e\" data-element_type=\"widget\" data-e-type=\"widget\" data-widget_type=\"heading.default\">\n\t\t\t\t\t<h2 class=\"elementor-heading-title elementor-size-default\">Pol\u00edtica de Privacitat<\/h2>\t\t\t\t<\/div>\n\t\t\t\t<div class=\"elementor-element elementor-element-5d55862 elementor-widget__width-initial elementor-widget elementor-widget-text-editor\" data-id=\"5d55862\" data-element_type=\"widget\" data-e-type=\"widget\" data-widget_type=\"text-editor.default\">\n\t\t\t\t\t\t\t\t\t<ol data-start=\"4450\" data-end=\"4884\"><li data-start=\"4450\" data-end=\"4709\"><p data-start=\"4453\" data-end=\"4709\">IDENTIFICACI\u00d3N DEL RESPONSABLE DEL TRATAMIENTO<br data-start=\"4499\" data-end=\"4502\" \/>Responsable: Muscle Hub SL<br data-start=\"4528\" data-end=\"4531\" \/>CIF: B23838675<br data-start=\"4545\" data-end=\"4548\" \/>Domicilio: Avenida Tibidabo, 12, 08022, Barcelona (Barcelona), Espa\u00f1a<br data-start=\"4617\" data-end=\"4620\" \/>Email de contacto (privacidad): <a class=\"decorated-link cursor-pointer\" rel=\"noopener\" data-start=\"4652\" data-end=\"4676\">info@myoshealthspace.com<\/a><br data-start=\"4676\" data-end=\"4679\" \/>Sitio Web: myoshealthspace.com<\/p><\/li><li data-start=\"4711\" data-end=\"4884\"><p data-start=\"4714\" data-end=\"4884\">DATOS PERSONALES QUE SE RECOPILAN<br data-start=\"4747\" data-end=\"4750\" \/>A trav\u00e9s del Sitio Web se pueden recopilar los siguientes datos personales, principalmente mediante formularios y canales de contacto:<\/p><\/li><\/ol><ul data-start=\"4885\" data-end=\"5059\"><li data-start=\"4885\" data-end=\"4950\"><p data-start=\"4887\" data-end=\"4950\">Datos identificativos y de contacto: nombre, email, tel\u00e9fono.<\/p><\/li><li data-start=\"4951\" data-end=\"5059\"><p data-start=\"4953\" data-end=\"5059\">Contenido del mensaje: informaci\u00f3n que el usuario incluya en el campo \u201cmensaje\u201d u otros campos de texto.<\/p><\/li><\/ul><p data-start=\"5061\" data-end=\"5307\">El usuario garantiza que los datos facilitados son veraces, exactos, completos y actualizados, y se responsabiliza de cualquier da\u00f1o o perjuicio directo o indirecto que pudiera ocasionarse como consecuencia del incumplimiento de dicha obligaci\u00f3n.<\/p><p data-start=\"5309\" data-end=\"5529\">Importante: a trav\u00e9s del Sitio Web no se solicitan datos de salud. Se ruega no incluir informaci\u00f3n relativa a salud (patolog\u00edas, informes, medicaci\u00f3n, etc.) en los formularios o comunicaciones enviadas por estos canales.<\/p><ol start=\"3\" data-start=\"5531\" data-end=\"6673\"><li data-start=\"5531\" data-end=\"6114\"><p data-start=\"5534\" data-end=\"6114\">FINALIDADES DEL TRATAMIENTO<br data-start=\"5561\" data-end=\"5564\" \/>Muscle Hub SL tratar\u00e1 los datos personales del usuario con las siguientes finalidades:<br \/>3.1. Atender solicitudes de informaci\u00f3n, consultas o comunicaciones enviadas por el usuario (formulario de contacto, email u otros medios indicados en el Sitio Web).<br data-start=\"5816\" data-end=\"5819\" \/>3.2. Gestionar solicitudes de reserva de sesiones o servicios cuando el usuario contacte por email (no existe contrataci\u00f3n ni pago online en el Sitio Web).<br data-start=\"5974\" data-end=\"5977\" \/>3.3. Gestionar, mantener y, en su caso, dar seguimiento a la relaci\u00f3n profesional y comunicaciones derivadas de la solicitud del usuario.<\/p><\/li><li data-start=\"6116\" data-end=\"6618\"><p data-start=\"6119\" data-end=\"6618\">BASE JUR\u00cdDICA DEL TRATAMIENTO<br data-start=\"6148\" data-end=\"6151\" \/>Las bases jur\u00eddicas del tratamiento pueden ser:<br \/>4.1. Consentimiento del usuario (art. 6.1.a RGPD), cuando el usuario env\u00eda voluntariamente una solicitud o consulta.<br data-start=\"6315\" data-end=\"6318\" \/>4.2. Aplicaci\u00f3n de medidas precontractuales a petici\u00f3n del interesado (art. 6.1.b RGPD), cuando el contacto tiene por objeto informaci\u00f3n necesaria para la prestaci\u00f3n de servicios solicitados por el usuario.<br data-start=\"6524\" data-end=\"6527\" \/>4.3. Cumplimiento de obligaciones legales aplicables (art. 6.1.c RGPD), cuando corresponda.<\/p><\/li><li data-start=\"6620\" data-end=\"6673\"><p data-start=\"6623\" data-end=\"6673\">PLAZOS DE CONSERVACI\u00d3N<br data-start=\"6645\" data-end=\"6648\" \/>Los datos se conservar\u00e1n:<\/p><\/li><\/ol><ul data-start=\"6674\" data-end=\"6915\"><li data-start=\"6674\" data-end=\"6791\"><p data-start=\"6676\" data-end=\"6791\">Durante el tiempo necesario para atender la consulta o solicitud y, en su caso, realizar el seguimiento derivado.<\/p><\/li><li data-start=\"6792\" data-end=\"6915\"><p data-start=\"6794\" data-end=\"6915\">Posteriormente, se mantendr\u00e1n bloqueados durante los plazos legalmente exigibles para atender posibles responsabilidades.<\/p><\/li><\/ul><ol start=\"6\" data-start=\"6917\" data-end=\"7026\"><li data-start=\"6917\" data-end=\"7026\"><p data-start=\"6920\" data-end=\"7026\">DESTINATARIOS DE LOS DATOS<br data-start=\"6946\" data-end=\"6949\" \/>Con car\u00e1cter general, no se ceder\u00e1n datos a terceros, salvo obligaci\u00f3n legal.<\/p><\/li><\/ol><p data-start=\"7028\" data-end=\"7239\">No obstante, para el funcionamiento del Sitio Web y la gesti\u00f3n de comunicaciones, Muscle Hub SL podr\u00e1 contar con proveedores que traten datos por cuenta del responsable (encargados del tratamiento), por ejemplo:<\/p><ul data-start=\"7240\" data-end=\"7363\"><li data-start=\"7240\" data-end=\"7299\"><p data-start=\"7242\" data-end=\"7299\">Proveedores de alojamiento web y mantenimiento t\u00e9cnico.<\/p><\/li><li data-start=\"7300\" data-end=\"7363\"><p data-start=\"7302\" data-end=\"7363\">Proveedores de correo electr\u00f3nico y sistemas de comunicaci\u00f3n.<\/p><\/li><\/ul><ol start=\"7\" data-start=\"7365\" data-end=\"7699\"><li data-start=\"7365\" data-end=\"7699\"><p data-start=\"7368\" data-end=\"7699\">SERVICIOS DE TERCEROS Y TRANSFERENCIAS INTERNACIONALES<br data-start=\"7422\" data-end=\"7425\" \/>El Sitio Web utiliza Google Maps para mostrar la ubicaci\u00f3n. La interacci\u00f3n o visualizaci\u00f3n de contenido de Google Maps puede implicar que Google trate datos de navegaci\u00f3n del usuario (por ejemplo, direcci\u00f3n IP y\/o identificadores t\u00e9cnicos), conforme a sus propias pol\u00edticas.<\/p><\/li><\/ol><p data-start=\"7701\" data-end=\"8019\">En caso de que se produzcan transferencias internacionales de datos por parte de proveedores como Google, dichas transferencias se realizar\u00e1n con las garant\u00edas adecuadas previstas en la normativa de protecci\u00f3n de datos (por ejemplo, cl\u00e1usulas contractuales tipo u otras garant\u00edas legalmente previstas, cuando proceda).<\/p><ol start=\"8\" data-start=\"8021\" data-end=\"8115\"><li data-start=\"8021\" data-end=\"8115\"><p data-start=\"8024\" data-end=\"8115\">DATOS DE MENORES DE EDAD<br data-start=\"8048\" data-end=\"8051\" \/>El Sitio Web admite usuarios menores de 14 a\u00f1os. En estos casos:<\/p><\/li><\/ol><ul data-start=\"8116\" data-end=\"8465\"><li data-start=\"8116\" data-end=\"8260\"><p data-start=\"8118\" data-end=\"8260\">Si el usuario es menor de 14 a\u00f1os, deber\u00e1 contar con la autorizaci\u00f3n de su padre, madre o tutor\/a legal para facilitar sus datos personales.<\/p><\/li><li data-start=\"8261\" data-end=\"8351\"><p data-start=\"8263\" data-end=\"8351\">Muscle Hub SL podr\u00e1 solicitar acreditaci\u00f3n de dicha autorizaci\u00f3n cuando sea necesario.<\/p><\/li><li data-start=\"8352\" data-end=\"8465\"><p data-start=\"8354\" data-end=\"8465\">Si se detecta que se han facilitado datos de un menor de 14 a\u00f1os sin autorizaci\u00f3n, se proceder\u00e1 a su supresi\u00f3n.<\/p><\/li><\/ul><ol start=\"9\" data-start=\"8467\" data-end=\"8586\"><li data-start=\"8467\" data-end=\"8586\"><p data-start=\"8470\" data-end=\"8586\">DERECHOS DE LAS PERSONAS INTERESADAS<br data-start=\"8506\" data-end=\"8509\" \/>El usuario puede ejercer los derechos reconocidos por la normativa aplicable:<\/p><\/li><\/ol><ul data-start=\"8587\" data-end=\"8798\"><li data-start=\"8587\" data-end=\"8597\"><p data-start=\"8589\" data-end=\"8597\">Acceso<\/p><\/li><li data-start=\"8598\" data-end=\"8615\"><p data-start=\"8600\" data-end=\"8615\">Rectificaci\u00f3n<\/p><\/li><li data-start=\"8616\" data-end=\"8629\"><p data-start=\"8618\" data-end=\"8629\">Supresi\u00f3n<\/p><\/li><li data-start=\"8630\" data-end=\"8643\"><p data-start=\"8632\" data-end=\"8643\">Oposici\u00f3n<\/p><\/li><li data-start=\"8644\" data-end=\"8674\"><p data-start=\"8646\" data-end=\"8674\">Limitaci\u00f3n del tratamiento<\/p><\/li><li data-start=\"8675\" data-end=\"8691\"><p data-start=\"8677\" data-end=\"8691\">Portabilidad<\/p><\/li><li data-start=\"8692\" data-end=\"8798\"><p data-start=\"8694\" data-end=\"8798\">Retirar el consentimiento en cualquier momento (sin que ello afecte a la licitud del tratamiento previo)<\/p><\/li><\/ul><p data-start=\"8800\" data-end=\"8881\">Para ejercerlos, puede enviar una solicitud a <a class=\"decorated-link cursor-pointer\" rel=\"noopener\" data-start=\"8846\" data-end=\"8870\">info@myoshealthspace.com<\/a> indicando:<\/p><ul data-start=\"8882\" data-end=\"9039\"><li data-start=\"8882\" data-end=\"8912\"><p data-start=\"8884\" data-end=\"8912\">derecho que desea ejercer,<\/p><\/li><li data-start=\"8913\" data-end=\"8936\"><p data-start=\"8915\" data-end=\"8936\">nombre y apellidos,<\/p><\/li><li data-start=\"8937\" data-end=\"8967\"><p data-start=\"8939\" data-end=\"8967\">un medio para responder, y<\/p><\/li><li data-start=\"8968\" data-end=\"9039\"><p data-start=\"8970\" data-end=\"9039\">cualquier informaci\u00f3n adicional necesaria para tramitar la solicitud.<\/p><\/li><\/ul><p data-start=\"9041\" data-end=\"9217\">Asimismo, el usuario puede presentar una reclamaci\u00f3n ante la Agencia Espa\u00f1ola de Protecci\u00f3n de Datos (AEPD) si considera que el tratamiento no se ajusta a la normativa vigente.<\/p><ol start=\"10\" data-start=\"9219\" data-end=\"9671\"><li data-start=\"9219\" data-end=\"9420\"><p data-start=\"9223\" data-end=\"9420\">MEDIDAS DE SEGURIDAD<br data-start=\"9243\" data-end=\"9246\" \/>Muscle Hub SL aplica medidas t\u00e9cnicas y organizativas razonables para proteger los datos personales frente a p\u00e9rdida, mal uso, acceso no autorizado, divulgaci\u00f3n o alteraci\u00f3n.<\/p><\/li><li data-start=\"9422\" data-end=\"9671\"><p data-start=\"9426\" data-end=\"9671\">CAMBIOS EN LA POL\u00cdTICA DE PRIVACIDAD<br data-start=\"9462\" data-end=\"9465\" \/>Muscle Hub SL podr\u00e1 modificar la presente Pol\u00edtica de Privacidad cuando sea necesario para adaptarla a cambios legislativos o a cambios en el Sitio Web. La versi\u00f3n vigente ser\u00e1 la publicada en el Sitio Web.<\/p><\/li><\/ol>\t\t\t\t\t\t\t\t<\/div>\n\t\t\t\t<\/div>\n\t\t\t\t\t<\/div>\n\t\t\t\t<\/div>\n\t\t\t\t<\/div>","protected":false},"excerpt":{"rendered":"<p>Pol\u00edtica de Privacidad IDENTIFICACI\u00d3N DEL RESPONSABLE DEL TRATAMIENTOResponsable: Muscle Hub SLCIF: B23838675Domicilio: Avenida Tibidabo, 12, 08022, Barcelona (Barcelona), Espa\u00f1aEmail de contacto (privacidad): info@myoshealthspace.comSitio Web: myoshealthspace.com DATOS PERSONALES QUE SE RECOPILANA trav\u00e9s del Sitio Web se pueden recopilar los siguientes datos personales, principalmente mediante formularios y canales de contacto: Datos identificativos y de contacto: nombre, email, [&hellip;]<\/p>\n","protected":false},"author":1,"featured_media":0,"parent":0,"menu_order":0,"comment_status":"closed","ping_status":"closed","template":"","meta":{"footnotes":""},"class_list":["post-425","page","type-page","status-publish","hentry"],"_links":{"self":[{"href":"https:\/\/myoshealthspace.com\/ca\/wp-json\/wp\/v2\/pages\/425","targetHints":{"allow":["GET"]}}],"collection":[{"href":"https:\/\/myoshealthspace.com\/ca\/wp-json\/wp\/v2\/pages"}],"about":[{"href":"https:\/\/myoshealthspace.com\/ca\/wp-json\/wp\/v2\/types\/page"}],"author":[{"embeddable":true,"href":"https:\/\/myoshealthspace.com\/ca\/wp-json\/wp\/v2\/users\/1"}],"replies":[{"embeddable":true,"href":"https:\/\/myoshealthspace.com\/ca\/wp-json\/wp\/v2\/comments?post=425"}],"version-history":[{"count":7,"href":"https:\/\/myoshealthspace.com\/ca\/wp-json\/wp\/v2\/pages\/425\/revisions"}],"predecessor-version":[{"id":1827,"href":"https:\/\/myoshealthspace.com\/ca\/wp-json\/wp\/v2\/pages\/425\/revisions\/1827"}],"wp:attachment":[{"href":"https:\/\/myoshealthspace.com\/ca\/wp-json\/wp\/v2\/media?parent=425"}],"curies":[{"name":"wp","href":"https:\/\/api.w.org\/{rel}","templated":true}]}}